{"id":44,"date":"2020-05-31T23:24:02","date_gmt":"2020-05-31T23:24:02","guid":{"rendered":"https:\/\/corvis.com.br\/?page_id=44"},"modified":"2023-01-20T12:16:31","modified_gmt":"2023-01-20T12:16:31","slug":"seja-bem-vindo-a-corvis","status":"publish","type":"page","link":"https:\/\/corvis.com.br\/","title":{"rendered":"Corvis Tecnologi@"},"content":{"rendered":"<p style=\"text-align: center;\">Solu\u00e7\u00f5es em tecnologia WEB+Design para voc\u00ea ou sua empresa.<\/p>\n<p class=\"style1\" style=\"text-align: center;\" align=\"justify\"><strong>Seja tamb\u00e9m um cliente Corvis!<\/strong><\/p>\n<p style=\"text-align: center;\"><img loading=\"lazy\" decoding=\"async\" class=\"alignnone size-large wp-image-39\" src=\"https:\/\/corvis.com.br\/wp-content\/uploads\/2020\/05\/2728-1024x558.png\" alt=\"\" width=\"580\" height=\"316\" srcset=\"https:\/\/corvis.com.br\/wp-content\/uploads\/2020\/05\/2728-1024x558.png 1024w, https:\/\/corvis.com.br\/wp-content\/uploads\/2020\/05\/2728-300x164.png 300w, https:\/\/corvis.com.br\/wp-content\/uploads\/2020\/05\/2728-768x419.png 768w, https:\/\/corvis.com.br\/wp-content\/uploads\/2020\/05\/2728.png 1029w\" sizes=\"auto, (max-width: 580px) 100vw, 580px\" \/><\/p>\n<h2 style=\"text-align: center;\"><strong>Novo cliente:<\/strong> <em>Douce Vie Curitiba<\/em><\/h2>\n<p style=\"text-align: center;\"><strong>Douce Vie<\/strong> \u00e9 um ateli\u00ea especializado em doces franceses, bolos, tortas e doces finos liderado pela Chef <strong>Maria Lethycia.<\/strong><\/p>\n<p style=\"text-align: center;\">Agora o novo site est\u00e1 sendo desenvolvido pela <em>&lt;Corvis\/&gt;. <\/em>Novidades em breve.<\/p>\n<p style=\"text-align: center;\"><img loading=\"lazy\" decoding=\"async\" class=\"alignnone wp-image-199\" src=\"https:\/\/corvis.com.br\/wp-content\/uploads\/2023\/01\/DouceVieLogo-1024x717-1.jpg\" alt=\"\" width=\"595\" height=\"417\" srcset=\"https:\/\/corvis.com.br\/wp-content\/uploads\/2023\/01\/DouceVieLogo-1024x717-1.jpg 1024w, https:\/\/corvis.com.br\/wp-content\/uploads\/2023\/01\/DouceVieLogo-1024x717-1-300x210.jpg 300w, https:\/\/corvis.com.br\/wp-content\/uploads\/2023\/01\/DouceVieLogo-1024x717-1-768x538.jpg 768w\" sizes=\"auto, (max-width: 595px) 100vw, 595px\" \/><\/p>\n","protected":false},"excerpt":{"rendered":"<p>Solu\u00e7\u00f5es em tecnologia WEB+Design para voc\u00ea ou sua empresa. Seja tamb\u00e9m um cliente Corvis! Novo cliente: Douce Vie Curitiba Douce Vie \u00e9 um ateli\u00ea especializado em doces franceses, bolos, tortas e doces finos liderado pela Chef Maria Lethycia. Agora o novo site est\u00e1 sendo desenvolvido pela &lt;Corvis\/&gt;. Novidades em breve.<\/p>\n","protected":false},"author":1,"featured_media":0,"parent":0,"menu_order":0,"comment_status":"closed","ping_status":"closed","template":"","meta":{"_inspiro_hide_title":false,"footnotes":""},"class_list":["post-44","page","type-page","status-publish","hentry"],"yoast_head":"<!-- This site is optimized with the Yoast SEO plugin v26.9 - https:\/\/yoast.com\/product\/yoast-seo-wordpress\/ -->\n<title>Corvis Tecnologi@ - &lt;Corvis\/&gt;<\/title>\n<meta name=\"robots\" content=\"index, follow, max-snippet:-1, max-image-preview:large, max-video-preview:-1\" \/>\n<link rel=\"canonical\" href=\"https:\/\/corvis.com.br\/\" \/>\n<meta property=\"og:locale\" content=\"pt_BR\" \/>\n<meta property=\"og:type\" content=\"article\" \/>\n<meta property=\"og:title\" content=\"Corvis Tecnologi@ - &lt;Corvis\/&gt;\" \/>\n<meta property=\"og:description\" content=\"Solu\u00e7\u00f5es em tecnologia WEB+Design para voc\u00ea ou sua empresa. Seja tamb\u00e9m um cliente Corvis! Novo cliente: Douce Vie Curitiba Douce Vie \u00e9 um ateli\u00ea especializado em doces franceses, bolos, tortas e doces finos liderado pela Chef Maria Lethycia. Agora o novo site est\u00e1 sendo desenvolvido pela &lt;Corvis\/&gt;. Novidades em breve.\" \/>\n<meta property=\"og:url\" content=\"https:\/\/corvis.com.br\/\" \/>\n<meta property=\"og:site_name\" content=\"&lt;Corvis\/&gt;\" \/>\n<meta property=\"article:modified_time\" content=\"2023-01-20T12:16:31+00:00\" \/>\n<meta property=\"og:image\" content=\"https:\/\/corvis.com.br\/wp-content\/uploads\/2020\/05\/2728-1024x558.png\" \/>\n<meta name=\"twitter:card\" content=\"summary_large_image\" \/>\n<meta name=\"twitter:label1\" content=\"Est. tempo de leitura\" \/>\n\t<meta name=\"twitter:data1\" content=\"1 minuto\" \/>\n<script type=\"application\/ld+json\" class=\"yoast-schema-graph\">{\"@context\":\"https:\/\/schema.org\",\"@graph\":[{\"@type\":\"WebPage\",\"@id\":\"https:\/\/corvis.com.br\/\",\"url\":\"https:\/\/corvis.com.br\/\",\"name\":\"Corvis Tecnologi@ - &lt;Corvis\/&gt;\",\"isPartOf\":{\"@id\":\"https:\/\/corvis.com.br\/#website\"},\"primaryImageOfPage\":{\"@id\":\"https:\/\/corvis.com.br\/#primaryimage\"},\"image\":{\"@id\":\"https:\/\/corvis.com.br\/#primaryimage\"},\"thumbnailUrl\":\"https:\/\/corvis.com.br\/wp-content\/uploads\/2020\/05\/2728-1024x558.png\",\"datePublished\":\"2020-05-31T23:24:02+00:00\",\"dateModified\":\"2023-01-20T12:16:31+00:00\",\"breadcrumb\":{\"@id\":\"https:\/\/corvis.com.br\/#breadcrumb\"},\"inLanguage\":\"pt-BR\",\"potentialAction\":[{\"@type\":\"ReadAction\",\"target\":[\"https:\/\/corvis.com.br\/\"]}]},{\"@type\":\"ImageObject\",\"inLanguage\":\"pt-BR\",\"@id\":\"https:\/\/corvis.com.br\/#primaryimage\",\"url\":\"https:\/\/corvis.com.br\/wp-content\/uploads\/2020\/05\/2728.png\",\"contentUrl\":\"https:\/\/corvis.com.br\/wp-content\/uploads\/2020\/05\/2728.png\",\"width\":1029,\"height\":561},{\"@type\":\"BreadcrumbList\",\"@id\":\"https:\/\/corvis.com.br\/#breadcrumb\",\"itemListElement\":[{\"@type\":\"ListItem\",\"position\":1,\"name\":\"Home\",\"item\":\"https:\/\/corvis.com.br\/\"},{\"@type\":\"ListItem\",\"position\":2,\"name\":\"Corvis Tecnologi@\"}]},{\"@type\":\"WebSite\",\"@id\":\"https:\/\/corvis.com.br\/#website\",\"url\":\"https:\/\/corvis.com.br\/\",\"name\":\"&lt;Corvis\/&gt;\",\"description\":\"TECNOLOGI@\",\"publisher\":{\"@id\":\"https:\/\/corvis.com.br\/#organization\"},\"potentialAction\":[{\"@type\":\"SearchAction\",\"target\":{\"@type\":\"EntryPoint\",\"urlTemplate\":\"https:\/\/corvis.com.br\/?s={search_term_string}\"},\"query-input\":{\"@type\":\"PropertyValueSpecification\",\"valueRequired\":true,\"valueName\":\"search_term_string\"}}],\"inLanguage\":\"pt-BR\"},{\"@type\":\"Organization\",\"@id\":\"https:\/\/corvis.com.br\/#organization\",\"name\":\"&lt;Corvis\/&gt;\",\"url\":\"https:\/\/corvis.com.br\/\",\"logo\":{\"@type\":\"ImageObject\",\"inLanguage\":\"pt-BR\",\"@id\":\"https:\/\/corvis.com.br\/#\/schema\/logo\/image\/\",\"url\":\"https:\/\/corvis.com.br\/wp-content\/uploads\/2020\/05\/logocorvis.png\",\"contentUrl\":\"https:\/\/corvis.com.br\/wp-content\/uploads\/2020\/05\/logocorvis.png\",\"width\":561,\"height\":143,\"caption\":\"&lt;Corvis\/&gt;\"},\"image\":{\"@id\":\"https:\/\/corvis.com.br\/#\/schema\/logo\/image\/\"}}]}<\/script>\n<!-- \/ Yoast SEO plugin. -->","yoast_head_json":{"title":"Corvis Tecnologi@ - &lt;Corvis\/&gt;","robots":{"index":"index","follow":"follow","max-snippet":"max-snippet:-1","max-image-preview":"max-image-preview:large","max-video-preview":"max-video-preview:-1"},"canonical":"https:\/\/corvis.com.br\/","og_locale":"pt_BR","og_type":"article","og_title":"Corvis Tecnologi@ - &lt;Corvis\/&gt;","og_description":"Solu\u00e7\u00f5es em tecnologia WEB+Design para voc\u00ea ou sua empresa. Seja tamb\u00e9m um cliente Corvis! Novo cliente: Douce Vie Curitiba Douce Vie \u00e9 um ateli\u00ea especializado em doces franceses, bolos, tortas e doces finos liderado pela Chef Maria Lethycia. Agora o novo site est\u00e1 sendo desenvolvido pela &lt;Corvis\/&gt;. Novidades em breve.","og_url":"https:\/\/corvis.com.br\/","og_site_name":"&lt;Corvis\/&gt;","article_modified_time":"2023-01-20T12:16:31+00:00","og_image":[{"url":"https:\/\/corvis.com.br\/wp-content\/uploads\/2020\/05\/2728-1024x558.png","type":"","width":"","height":""}],"twitter_card":"summary_large_image","twitter_misc":{"Est. tempo de leitura":"1 minuto"},"schema":{"@context":"https:\/\/schema.org","@graph":[{"@type":"WebPage","@id":"https:\/\/corvis.com.br\/","url":"https:\/\/corvis.com.br\/","name":"Corvis Tecnologi@ - &lt;Corvis\/&gt;","isPartOf":{"@id":"https:\/\/corvis.com.br\/#website"},"primaryImageOfPage":{"@id":"https:\/\/corvis.com.br\/#primaryimage"},"image":{"@id":"https:\/\/corvis.com.br\/#primaryimage"},"thumbnailUrl":"https:\/\/corvis.com.br\/wp-content\/uploads\/2020\/05\/2728-1024x558.png","datePublished":"2020-05-31T23:24:02+00:00","dateModified":"2023-01-20T12:16:31+00:00","breadcrumb":{"@id":"https:\/\/corvis.com.br\/#breadcrumb"},"inLanguage":"pt-BR","potentialAction":[{"@type":"ReadAction","target":["https:\/\/corvis.com.br\/"]}]},{"@type":"ImageObject","inLanguage":"pt-BR","@id":"https:\/\/corvis.com.br\/#primaryimage","url":"https:\/\/corvis.com.br\/wp-content\/uploads\/2020\/05\/2728.png","contentUrl":"https:\/\/corvis.com.br\/wp-content\/uploads\/2020\/05\/2728.png","width":1029,"height":561},{"@type":"BreadcrumbList","@id":"https:\/\/corvis.com.br\/#breadcrumb","itemListElement":[{"@type":"ListItem","position":1,"name":"Home","item":"https:\/\/corvis.com.br\/"},{"@type":"ListItem","position":2,"name":"Corvis Tecnologi@"}]},{"@type":"WebSite","@id":"https:\/\/corvis.com.br\/#website","url":"https:\/\/corvis.com.br\/","name":"&lt;Corvis\/&gt;","description":"TECNOLOGI@","publisher":{"@id":"https:\/\/corvis.com.br\/#organization"},"potentialAction":[{"@type":"SearchAction","target":{"@type":"EntryPoint","urlTemplate":"https:\/\/corvis.com.br\/?s={search_term_string}"},"query-input":{"@type":"PropertyValueSpecification","valueRequired":true,"valueName":"search_term_string"}}],"inLanguage":"pt-BR"},{"@type":"Organization","@id":"https:\/\/corvis.com.br\/#organization","name":"&lt;Corvis\/&gt;","url":"https:\/\/corvis.com.br\/","logo":{"@type":"ImageObject","inLanguage":"pt-BR","@id":"https:\/\/corvis.com.br\/#\/schema\/logo\/image\/","url":"https:\/\/corvis.com.br\/wp-content\/uploads\/2020\/05\/logocorvis.png","contentUrl":"https:\/\/corvis.com.br\/wp-content\/uploads\/2020\/05\/logocorvis.png","width":561,"height":143,"caption":"&lt;Corvis\/&gt;"},"image":{"@id":"https:\/\/corvis.com.br\/#\/schema\/logo\/image\/"}}]}},"_links":{"self":[{"href":"https:\/\/corvis.com.br\/index.php?rest_route=\/wp\/v2\/pages\/44","targetHints":{"allow":["GET"]}}],"collection":[{"href":"https:\/\/corvis.com.br\/index.php?rest_route=\/wp\/v2\/pages"}],"about":[{"href":"https:\/\/corvis.com.br\/index.php?rest_route=\/wp\/v2\/types\/page"}],"author":[{"embeddable":true,"href":"https:\/\/corvis.com.br\/index.php?rest_route=\/wp\/v2\/users\/1"}],"replies":[{"embeddable":true,"href":"https:\/\/corvis.com.br\/index.php?rest_route=%2Fwp%2Fv2%2Fcomments&post=44"}],"version-history":[{"count":10,"href":"https:\/\/corvis.com.br\/index.php?rest_route=\/wp\/v2\/pages\/44\/revisions"}],"predecessor-version":[{"id":201,"href":"https:\/\/corvis.com.br\/index.php?rest_route=\/wp\/v2\/pages\/44\/revisions\/201"}],"wp:attachment":[{"href":"https:\/\/corvis.com.br\/index.php?rest_route=%2Fwp%2Fv2%2Fmedia&parent=44"}],"curies":[{"name":"wp","href":"https:\/\/api.w.org\/{rel}","templated":true}]}}